{"id":21,"date":"2019-09-30T19:38:40","date_gmt":"2019-09-30T19:38:40","guid":{"rendered":"http:\/\/www.barkarefovi.hu\/?page_id=21"},"modified":"2026-03-12T06:00:12","modified_gmt":"2026-03-12T06:00:12","slug":"dokumentumtar","status":"publish","type":"page","link":"https:\/\/www.barkarefovi.hu\/?page_id=21","title":{"rendered":"Dokumentumt\u00e1r"},"content":{"rendered":"<p>Fenntart\u00f3i \u00c9rt\u00e9kel\u00e9s 2024 <a href=\"http:\/\/www.barkarefovi.hu\/wp-content\/uploads\/2024\/09\/Fenntartoi-ertekeles-2024.pdf\">Let\u00f6lt\u00e9s<\/a><\/p>\n<p>Pedag\u00f3diai Program 2025 <a href=\"http:\/\/www.barkarefovi.hu\/wp-content\/uploads\/2025\/09\/Pedagogiai-program-2025.pdf\">Let\u00f6lt\u00e9s<\/a><\/p>\n<p>H\u00e1zirend 2024 <a href=\"http:\/\/www.barkarefovi.hu\/wp-content\/uploads\/2024\/09\/HAZIREND-2024..pdf\">Let\u00f6lt\u00e9s<\/a><\/p>\n<p>Szervezeti \u00e9s M\u0171k\u00f6d\u00e9si Szab\u00e1lyzat 2024 <a href=\"http:\/\/www.barkarefovi.hu\/wp-content\/uploads\/2024\/09\/SZMSZ-2024.pdf\">Let\u00f6lt\u00e9s<\/a><\/p>\n<p>Int\u00e9zked\u00e9si Terv <a href=\"http:\/\/www.barkarefovi.hu\/wp-content\/uploads\/2020\/09\/Int\u00e9zm\u00e9nyi-int\u00e9zked\u00e9si-terv-2020-2021-B\u00e1rka.pdf\">Let\u00f6lt\u00e9s<\/a><\/p>\n<p>Alap\u00edt\u00f3 okirat <a href=\"http:\/\/www.barkarefovi.hu\/wp-content\/uploads\/2026\/03\/Alapito-Okirat-2024.05.26.pdf\">Let\u00f6lt\u00e9s<\/a><\/p>\n","protected":false},"excerpt":{"rendered":"<p>Fenntart\u00f3i \u00c9rt\u00e9kel\u00e9s 2024 Let\u00f6lt\u00e9s Pedag\u00f3diai Program 2025 Let\u00f6lt\u00e9s H\u00e1zirend 2024 Let\u00f6lt\u00e9s Szervezeti \u00e9s M\u0171k\u00f6d\u00e9si Szab\u00e1lyzat 2024 Let\u00f6lt\u00e9s Int\u00e9zked\u00e9si Terv Let\u00f6lt\u00e9s Alap\u00edt\u00f3 okirat Let\u00f6lt\u00e9s<\/p>\n","protected":false},"author":1,"featured_media":0,"parent":0,"menu_order":0,"comment_status":"closed","ping_status":"closed","template":"","meta":{"ngg_post_thumbnail":0},"_links":{"self":[{"href":"https:\/\/www.barkarefovi.hu\/index.php?rest_route=\/wp\/v2\/pages\/21"}],"collection":[{"href":"https:\/\/www.barkarefovi.hu\/index.php?rest_route=\/wp\/v2\/pages"}],"about":[{"href":"https:\/\/www.barkarefovi.hu\/index.php?rest_route=\/wp\/v2\/types\/page"}],"author":[{"embeddable":true,"href":"https:\/\/www.barkarefovi.hu\/index.php?rest_route=\/wp\/v2\/users\/1"}],"replies":[{"embeddable":true,"href":"https:\/\/www.barkarefovi.hu\/index.php?rest_route=%2Fwp%2Fv2%2Fcomments&post=21"}],"version-history":[{"count":15,"href":"https:\/\/www.barkarefovi.hu\/index.php?rest_route=\/wp\/v2\/pages\/21\/revisions"}],"predecessor-version":[{"id":217,"href":"https:\/\/www.barkarefovi.hu\/index.php?rest_route=\/wp\/v2\/pages\/21\/revisions\/217"}],"wp:attachment":[{"href":"https:\/\/www.barkarefovi.hu\/index.php?rest_route=%2Fwp%2Fv2%2Fmedia&parent=21"}],"curies":[{"name":"wp","href":"https:\/\/api.w.org\/{rel}","templated":true}]}}