{"id":23,"date":"2019-09-30T19:39:14","date_gmt":"2019-09-30T19:39:14","guid":{"rendered":"http:\/\/www.barkarefovi.hu\/?page_id=23"},"modified":"2024-10-10T19:06:14","modified_gmt":"2024-10-10T19:06:14","slug":"elerhetosegek","status":"publish","type":"page","link":"https:\/\/www.barkarefovi.hu\/?page_id=23","title":{"rendered":"El\u00e9rhet\u0151s\u00e9gek"},"content":{"rendered":"<p>B\u00e1rka Reform\u00e1tus \u00d3voda<\/p>\n<p>6900 Mak\u00f3, K\u00e1lvin utca 7\/a.<\/p>\n<p>Tel: <a href=\"callto:0662212905\">62 \/ 212-905<\/a><\/p>\n<p>&#8222;K\u00e9rj\u00fck eb\u00e9dlemond\u00e1ssal kapcsolatos \u00fcgyint\u00e9z\u00e9s c\u00e9lj\u00e1b\u00f3l ezt a sz\u00e1mot h\u00edvja!&#8221;<\/p>\n<p><a href=\"mailto:ovoda@barkarefovi.hu\">ovoda@barkarefovi.hu<\/a><\/p>\n<p>\u00d3vodaigazgat\u00f3: Bart\u00e1n\u00e9 Szab\u00f3 M\u00f3nika<\/p>\n<p>Mobil: <a href=\"callto:+36306750335\">+36 30 675 03 35 <\/a><\/p>\n<p>OM azonos\u00edt\u00f3: 200081<\/p>\n<p><strong>Az \u00f3voda alap\u00edt\u00f3ja, fenntart\u00f3ja \u00e9s fel\u00fcgyeleti szerve:<\/strong><\/p>\n<p>Mak\u00f3- Belv\u00e1rosi Reform\u00e1tus Egyh\u00e1zk\u00f6z\u00f6ss\u00e9g<\/p>\n<p>6900 Mak\u00f3, K\u00e1lvin t\u00e9r 3.<\/p>\n<p>Tel: <a href=\"callto:0662211495\">62\/211-495<\/a><\/p>\n<p><strong>Eln\u00f6klelk\u00e9sz:<\/strong> Kondr\u00e1t Zolt\u00e1n<\/p>\n<p>&nbsp;<br \/>\n<iframe loading=\"lazy\" style=\"border: 0;\" src=\"https:\/\/www.google.com\/maps\/embed?pb=!1m18!1m12!1m3!1d2760.916664091459!2d20.470920315582656!3d46.212112779117014!2m3!1f0!2f0!3f0!3m2!1i1024!2i768!4f13.1!3m3!1m2!1s0x4744f61caec5d6af%3A0x1465fd89967b5191!2zTWFrw7MsIEvDoWx2aW4gdS4gNywgNjkwMA!5e0!3m2!1shu!2shu!4v1570045472342!5m2!1shu!2shu\" width=\"600\" height=\"450\" frameborder=\"0\" allowfullscreen=\"allowfullscreen\"><\/iframe><\/p>\n","protected":false},"excerpt":{"rendered":"<p>B\u00e1rka Reform\u00e1tus \u00d3voda 6900 Mak\u00f3, K\u00e1lvin utca 7\/a. Tel: 62 \/ 212-905 &#8222;K\u00e9rj\u00fck eb\u00e9dlemond\u00e1ssal kapcsolatos \u00fcgyint\u00e9z\u00e9s c\u00e9lj\u00e1b\u00f3l ezt a sz\u00e1mot h\u00edvja!&#8221; ovoda@barkarefovi.hu \u00d3vodaigazgat\u00f3: Bart\u00e1n\u00e9 Szab\u00f3 M\u00f3nika Mobil: +36 30 675 03 35 OM azonos\u00edt\u00f3: 200081 Az \u00f3voda alap\u00edt\u00f3ja, fenntart\u00f3ja \u00e9s fel\u00fcgyeleti szerve: Mak\u00f3- Belv\u00e1rosi Reform\u00e1tus Egyh\u00e1zk\u00f6z\u00f6ss\u00e9g 6900 Mak\u00f3, K\u00e1lvin t\u00e9r 3. Tel: 62\/211-495 Eln\u00f6klelk\u00e9sz: Kondr\u00e1t [&hellip;]<\/p>\n","protected":false},"author":1,"featured_media":0,"parent":0,"menu_order":0,"comment_status":"closed","ping_status":"closed","template":"","meta":{"ngg_post_thumbnail":0},"_links":{"self":[{"href":"https:\/\/www.barkarefovi.hu\/index.php?rest_route=\/wp\/v2\/pages\/23"}],"collection":[{"href":"https:\/\/www.barkarefovi.hu\/index.php?rest_route=\/wp\/v2\/pages"}],"about":[{"href":"https:\/\/www.barkarefovi.hu\/index.php?rest_route=\/wp\/v2\/types\/page"}],"author":[{"embeddable":true,"href":"https:\/\/www.barkarefovi.hu\/index.php?rest_route=\/wp\/v2\/users\/1"}],"replies":[{"embeddable":true,"href":"https:\/\/www.barkarefovi.hu\/index.php?rest_route=%2Fwp%2Fv2%2Fcomments&post=23"}],"version-history":[{"count":6,"href":"https:\/\/www.barkarefovi.hu\/index.php?rest_route=\/wp\/v2\/pages\/23\/revisions"}],"predecessor-version":[{"id":193,"href":"https:\/\/www.barkarefovi.hu\/index.php?rest_route=\/wp\/v2\/pages\/23\/revisions\/193"}],"wp:attachment":[{"href":"https:\/\/www.barkarefovi.hu\/index.php?rest_route=%2Fwp%2Fv2%2Fmedia&parent=23"}],"curies":[{"name":"wp","href":"https:\/\/api.w.org\/{rel}","templated":true}]}}