{"id":25,"date":"2019-09-30T19:39:38","date_gmt":"2019-09-30T19:39:38","guid":{"rendered":"http:\/\/www.barkarefovi.hu\/?page_id=25"},"modified":"2025-09-07T18:10:51","modified_gmt":"2025-09-07T18:10:51","slug":"munkatarsaink","status":"publish","type":"page","link":"https:\/\/www.barkarefovi.hu\/?page_id=25","title":{"rendered":"Munkat\u00e1rsaink"},"content":{"rendered":"<p>&nbsp;<\/p>\n<table style=\"width: 96.6803%; height: 461px;\">\n<tbody>\n<tr style=\"height: 24px;\">\n<td style=\"height: 24px; width: 6.37636%;\" width=\"37\"><strong>Ssz<\/strong><\/td>\n<td style=\"height: 24px; width: 33.5925%;\" width=\"216\"><strong>N\u00e9v<\/strong><\/td>\n<td style=\"height: 24px; width: 21.7729%;\" width=\"136\"><strong>Munkak\u00f6r<\/strong><\/td>\n<td style=\"height: 24px; width: 36.3919%;\" width=\"230\"><strong>E-mail. c\u00edm:<\/strong><\/td>\n<\/tr>\n<tr style=\"height: 24px;\">\n<td style=\"width: 6.37636%; height: 24px;\" width=\"25\">1.<\/td>\n<td style=\"width: 33.5925%; height: 24px;\" width=\"198\">Bart\u00e1n\u00e9 Szab\u00f3 M\u00f3nika<\/td>\n<td style=\"width: 21.7729%; height: 24px;\" width=\"268\">\u00f3vodavezet\u0151<\/td>\n<td style=\"width: 36.3919%; height: 24px;\" width=\"212\"><a href=\"mailto:monika@barkarefovi.hu\">monika@barkarefovi.hu<\/a><\/td>\n<\/tr>\n<tr>\n<td style=\"width: 6.37636%;\" width=\"25\">2.<\/td>\n<td style=\"width: 33.5925%; height: 24px;\" width=\"198\">Cs\u00e1nyi-Gazdag Petra<\/td>\n<td style=\"width: 21.7729%; height: 24px;\" width=\"268\">\u00f3vodapedag\u00f3gus<\/td>\n<td style=\"width: 36.3919%; height: 24px;\" width=\"212\"><a href=\"mailto:petra@barkarefovi.hu\">petra@barkarefovi.hu<\/a><\/td>\n<\/tr>\n<tr>\n<td style=\"width: 6.37636%;\" width=\"25\">3.<\/td>\n<td style=\"width: 33.5925%; height: 24px;\" width=\"198\">Elek-V\u00f6r\u00f6s Helga<\/td>\n<td style=\"width: 21.7729%; height: 24px;\" width=\"268\">asszisztens<\/td>\n<td style=\"width: 36.3919%; height: 24px;\" width=\"212\"><a href=\"mailto:voroshelga@barkarefovi.hu\">voroshelga@barkarefovi.hu<\/a><\/td>\n<\/tr>\n<tr>\n<td style=\"width: 6.37636%;\" width=\"25\">4.<\/td>\n<td style=\"width: 33.5925%;\" width=\"198\">Herczeg Cintia<\/td>\n<td style=\"width: 21.7729%;\" width=\"268\">dajka<\/td>\n<td style=\"width: 36.3919%;\" width=\"212\"><a href=\"mailto:hcintia@barkarefovi.hu\">hcintia@barkarefovi.hu<\/a><\/td>\n<\/tr>\n<tr style=\"height: 24px;\">\n<td style=\"width: 6.37636%; height: 24px;\" width=\"25\">5.<\/td>\n<td style=\"width: 33.5925%;\" width=\"198\">Higyis\u00e1n Daniella D\u00f3ra<\/td>\n<td style=\"width: 21.7729%;\" width=\"268\">\u00f3vodapedag\u00f3gus<\/td>\n<td style=\"width: 36.3919%;\" width=\"212\"><a href=\"mailto:hddora@barkarefovi.hu\">hddora@barkarefovi.hu<\/a><\/td>\n<\/tr>\n<tr style=\"height: 24px;\">\n<td style=\"width: 6.37636%; height: 24px;\" width=\"25\">6.<\/td>\n<td style=\"width: 33.5925%;\" width=\"198\">Jo\u00f3 M\u00e1ria<\/td>\n<td style=\"width: 21.7729%;\" width=\"268\">gazdas\u00e1gvezet\u0151<\/td>\n<td style=\"width: 36.3919%;\" width=\"212\"><a href=\"mailto:joomarcsi@barkarefovi.hu\">joomarcsi@barkarefovi.hu<\/a><\/td>\n<\/tr>\n<tr style=\"height: 24px;\">\n<td style=\"width: 6.37636%; height: 24px;\" width=\"25\">7.<\/td>\n<td style=\"width: 33.5925%;\" width=\"198\">Juh\u00e1sz Istv\u00e1nn\u00e9<\/td>\n<td style=\"width: 21.7729%;\" width=\"268\">dajka<\/td>\n<td style=\"width: 36.3919%;\" width=\"212\"><a href=\"mailto:jnekriszti@barkarefovi.hu\">jnekriszti@barkarefovi.hu<\/a><\/td>\n<\/tr>\n<tr style=\"height: 24px;\">\n<td style=\"width: 6.37636%; height: 24px;\" width=\"25\">8.<\/td>\n<td style=\"width: 33.5925%;\" width=\"198\">Kal\u00e1sz T\u00fcnde<\/td>\n<td style=\"width: 21.7729%;\" width=\"268\">asszisztens<\/td>\n<td style=\"width: 36.3919%;\" width=\"212\"><a href=\"mailto:kalasz.tunde@barkarefovi.hu\">kalasz.tunde@barkarefovi.hu<\/a><\/td>\n<\/tr>\n<tr style=\"height: 24px;\">\n<td style=\"width: 6.37636%; height: 24px;\" width=\"25\">9.<\/td>\n<td style=\"width: 33.5925%;\" width=\"198\">M\u00e1gorin\u00e9 Bogd\u00e1n M\u00e1ria<\/td>\n<td style=\"width: 21.7729%;\" width=\"268\">\u00f3vodapedag\u00f3gus<\/td>\n<td style=\"width: 36.3919%;\" width=\"212\"><a href=\"mailto:mnebmarcsi@barkarefovi.hu\">mnebmarcsi@barkarefovi.hu<\/a><\/td>\n<\/tr>\n<tr>\n<td style=\"width: 6.37636%;\" width=\"25\">10<\/td>\n<td style=\"width: 33.5925%;\" width=\"198\">Modokn\u00e9 Vigh Etelka<\/td>\n<td style=\"width: 21.7729%;\" width=\"268\">\u00f3vodapedag\u00f3gus<\/td>\n<td style=\"width: 36.3919%;\" width=\"212\"><a href=\"mailto:etelka@barkarefovi.hu\">etelka@barkarefovi.hu<\/a><\/td>\n<\/tr>\n<tr>\n<td style=\"width: 6.37636%;\" width=\"25\">11.<\/td>\n<td style=\"width: 33.5925%;\" width=\"198\">Sarnyai-T\u00f6r\u0151s Be\u00e1ta<\/td>\n<td style=\"width: 21.7729%;\" width=\"268\">\u00f3vodapedag\u00f3gus<\/td>\n<td style=\"width: 36.3919%;\" width=\"212\"><a href=\"mailto:torosbea@barkarefovi.hu\">torosbea@barkarefovi.hu<\/a><\/td>\n<\/tr>\n<tr>\n<td style=\"width: 6.37636%;\" width=\"25\">12.<\/td>\n<td style=\"width: 33.5925%;\" width=\"198\">Szab\u00f3n\u00e9 Kal\u00e1sz Gabriella<\/td>\n<td style=\"width: 21.7729%;\" width=\"268\">dajka<\/td>\n<td style=\"width: 36.3919%;\" width=\"212\"><a href=\"mailto:sznekgabi@barkarefovi.hu\">sznekgabi@barkarefovi.hu<\/a><\/td>\n<\/tr>\n<tr>\n<td style=\"width: 6.37636%;\" width=\"25\">13.<\/td>\n<td style=\"width: 33.5925%;\" width=\"198\">Sz\u0171cs G\u00e1born\u00e9<\/td>\n<td style=\"width: 21.7729%;\" width=\"268\">\u00f3vodatitk\u00e1r<\/td>\n<td style=\"width: 36.3919%;\" width=\"212\"><a href=\"mailto:szgneszandi@barkarefovi.hu\">szgneszandi@barkarefovi.hu<\/a><\/td>\n<\/tr>\n<tr>\n<td style=\"width: 6.37636%;\" width=\"25\">14.<\/td>\n<td style=\"width: 33.5925%;\" width=\"198\">Szirbikn\u00e9 Szalma Ildik\u00f3<\/td>\n<td style=\"width: 21.7729%;\" width=\"268\">dajka<\/td>\n<td style=\"width: 36.3919%;\" width=\"212\"><a href=\"mailto:szneszildi@barkarefovi.hu\">szneszildi@barkarefovi.hu<\/a><\/td>\n<\/tr>\n<tr>\n<td style=\"width: 6.37636%;\">15.<\/td>\n<td style=\"width: 33.5925%;\" width=\"198\">T\u00f3th M\u00e1ria<\/td>\n<td style=\"width: 21.7729%;\" width=\"268\">\u00f3vodavezet\u0151 helyettes, \u00f3vodapedag\u00f3gus<\/td>\n<td style=\"width: 36.3919%;\" width=\"212\"><a href=\"mailto:tothmarcsi@barkarefovi.hu\">tothmarcsi@barkarefovi.hu<\/a><\/td>\n<\/tr>\n<tr>\n<td style=\"width: 6.37636%;\" width=\"25\">16.<\/td>\n<td style=\"width: 33.5925%;\">Udovecz T\u00edmea<\/td>\n<td style=\"width: 21.7729%;\">\u00f3vodapedag\u00f3gus<\/td>\n<td style=\"width: 36.3919%;\"><a href=\"mailto:udovecz.timea@barkarefovi.hu\">udovecz.timea@barkarefovi.hu<\/a><\/td>\n<\/tr>\n<tr>\n<td style=\"width: 6.37636%;\" width=\"25\">17.<\/td>\n<td style=\"width: 33.5925%;\">V\u00f6r\u00f6s Eszter<\/td>\n<td style=\"width: 21.7729%;\">\u00f3vodapedag\u00f3gus<\/td>\n<td style=\"width: 36.3919%;\"><a href=\"mailto:voros.eszter@barkarefovi.hu\">voros.eszter@barkarefovi.hu<\/a><\/td>\n<\/tr>\n<\/tbody>\n<\/table>\n<p>&nbsp;<\/p>\n","protected":false},"excerpt":{"rendered":"<p>&nbsp; Ssz N\u00e9v Munkak\u00f6r E-mail. c\u00edm: 1. Bart\u00e1n\u00e9 Szab\u00f3 M\u00f3nika \u00f3vodavezet\u0151 monika@barkarefovi.hu 2. Cs\u00e1nyi-Gazdag Petra \u00f3vodapedag\u00f3gus petra@barkarefovi.hu 3. Elek-V\u00f6r\u00f6s Helga asszisztens voroshelga@barkarefovi.hu 4. Herczeg Cintia dajka hcintia@barkarefovi.hu 5. Higyis\u00e1n Daniella D\u00f3ra \u00f3vodapedag\u00f3gus hddora@barkarefovi.hu 6. Jo\u00f3 M\u00e1ria gazdas\u00e1gvezet\u0151 joomarcsi@barkarefovi.hu 7. Juh\u00e1sz Istv\u00e1nn\u00e9 dajka jnekriszti@barkarefovi.hu 8. Kal\u00e1sz T\u00fcnde asszisztens kalasz.tunde@barkarefovi.hu 9. M\u00e1gorin\u00e9 Bogd\u00e1n M\u00e1ria \u00f3vodapedag\u00f3gus mnebmarcsi@barkarefovi.hu 10 [&hellip;]<\/p>\n","protected":false},"author":1,"featured_media":0,"parent":0,"menu_order":0,"comment_status":"closed","ping_status":"closed","template":"","meta":{"ngg_post_thumbnail":0},"_links":{"self":[{"href":"https:\/\/www.barkarefovi.hu\/index.php?rest_route=\/wp\/v2\/pages\/25"}],"collection":[{"href":"https:\/\/www.barkarefovi.hu\/index.php?rest_route=\/wp\/v2\/pages"}],"about":[{"href":"https:\/\/www.barkarefovi.hu\/index.php?rest_route=\/wp\/v2\/types\/page"}],"author":[{"embeddable":true,"href":"https:\/\/www.barkarefovi.hu\/index.php?rest_route=\/wp\/v2\/users\/1"}],"replies":[{"embeddable":true,"href":"https:\/\/www.barkarefovi.hu\/index.php?rest_route=%2Fwp%2Fv2%2Fcomments&post=25"}],"version-history":[{"count":19,"href":"https:\/\/www.barkarefovi.hu\/index.php?rest_route=\/wp\/v2\/pages\/25\/revisions"}],"predecessor-version":[{"id":210,"href":"https:\/\/www.barkarefovi.hu\/index.php?rest_route=\/wp\/v2\/pages\/25\/revisions\/210"}],"wp:attachment":[{"href":"https:\/\/www.barkarefovi.hu\/index.php?rest_route=%2Fwp%2Fv2%2Fmedia&parent=25"}],"curies":[{"name":"wp","href":"https:\/\/api.w.org\/{rel}","templated":true}]}}